{"id":1208,"date":"2020-10-30T18:07:54","date_gmt":"2020-10-30T18:07:54","guid":{"rendered":"https:\/\/epica-agency.com\/es\/video\/ms\/?page_id=1208"},"modified":"2021-01-21T14:10:04","modified_gmt":"2021-01-21T14:10:04","slug":"recursos-infografias","status":"publish","type":"page","link":"https:\/\/epica-agency.com\/es\/video\/ms\/recursos-infografias\/","title":{"rendered":"Infograf\u00edas"},"content":{"rendered":"\t\t<div data-elementor-type=\"wp-page\" data-elementor-id=\"1208\" class=\"elementor elementor-1208\" data-elementor-post-type=\"page\">\n\t\t\t\t\t\t<section class=\"elementor-section elementor-top-section elementor-element elementor-element-6c8838b1 elementor-section-boxed elementor-section-height-default elementor-section-height-default\" data-id=\"6c8838b1\" data-element_type=\"section\" data-e-type=\"section\">\n\t\t\t\t\t\t<div class=\"elementor-container elementor-column-gap-default\">\n\t\t\t\t\t<div class=\"elementor-column elementor-col-100 elementor-top-column elementor-element elementor-element-6b49429c\" data-id=\"6b49429c\" data-element_type=\"column\" data-e-type=\"column\">\n\t\t\t<div class=\"elementor-widget-wrap elementor-element-populated\">\n\t\t\t\t\t\t<div class=\"elementor-element elementor-element-159ab88 elementor-widget elementor-widget-heading\" data-id=\"159ab88\" data-element_type=\"widget\" data-e-type=\"widget\" data-widget_type=\"heading.default\">\n\t\t\t\t<div class=\"elementor-widget-container\">\n\t\t\t\t\t<h1 class=\"elementor-heading-title elementor-size-default\"><p style=\"text-align: center\">Nuestras&nbsp;<span style=\"background: #fb637e\"><span style=\"color: #ffffff\">infograf\u00edas<\/span><\/span> \ud83d\ude42<span style=\"color: var( --e-global-color-888785b );letter-spacing: -0.2px;text-align: inherit\"><\/span><\/p><\/h1>\t\t\t\t<\/div>\n\t\t\t\t<\/div>\n\t\t\t\t<div class=\"elementor-element elementor-element-11326fc elementor-widget__width-initial elementor-widget elementor-widget-heading\" data-id=\"11326fc\" data-element_type=\"widget\" data-e-type=\"widget\" data-widget_type=\"heading.default\">\n\t\t\t\t<div class=\"elementor-widget-container\">\n\t\t\t\t\t<h3 class=\"elementor-heading-title elementor-size-default\">\u00a1Inf\u00f3rmate sobre las \u00faltimas estad\u00edsticas en el mundo del video para ventas, marketing y growth!<\/h3>\t\t\t\t<\/div>\n\t\t\t\t<\/div>\n\t\t\t\t\t<\/div>\n\t\t<\/div>\n\t\t\t\t\t<\/div>\n\t\t<\/section>\n\t\t\t\t<section class=\"elementor-section elementor-top-section elementor-element elementor-element-46098144 elementor-section-boxed elementor-section-height-default elementor-section-height-default\" data-id=\"46098144\" data-element_type=\"section\" data-e-type=\"section\" data-settings=\"{&quot;background_background&quot;:&quot;classic&quot;}\">\n\t\t\t\t\t\t<div class=\"elementor-container elementor-column-gap-default\">\n\t\t\t\t\t<div class=\"elementor-column elementor-col-100 elementor-top-column elementor-element elementor-element-28197705\" data-id=\"28197705\" data-element_type=\"column\" data-e-type=\"column\">\n\t\t\t<div class=\"elementor-widget-wrap elementor-element-populated\">\n\t\t\t\t\t\t<div class=\"elementor-element elementor-element-7bffa0ad elementor-grid-2 elementor-posts--align-center elementor-grid-tablet-2 elementor-grid-mobile-1 elementor-posts--thumbnail-top elementor-widget elementor-widget-posts\" data-id=\"7bffa0ad\" data-element_type=\"widget\" data-e-type=\"widget\" data-settings=\"{&quot;pagination_type&quot;:&quot;numbers&quot;,&quot;classic_columns&quot;:&quot;2&quot;,&quot;classic_row_gap&quot;:{&quot;unit&quot;:&quot;px&quot;,&quot;size&quot;:50,&quot;sizes&quot;:[]},&quot;classic_columns_tablet&quot;:&quot;2&quot;,&quot;classic_columns_mobile&quot;:&quot;1&quot;,&quot;classic_row_gap_tablet&quot;:{&quot;unit&quot;:&quot;px&quot;,&quot;size&quot;:&quot;&quot;,&quot;sizes&quot;:[]},&quot;classic_row_gap_mobile&quot;:{&quot;unit&quot;:&quot;px&quot;,&quot;size&quot;:&quot;&quot;,&quot;sizes&quot;:[]}}\" data-widget_type=\"posts.classic\">\n\t\t\t\t<div class=\"elementor-widget-container\">\n\t\t\t\t\t\t\t<div class=\"elementor-posts-container elementor-posts elementor-posts--skin-classic elementor-grid\" role=\"list\">\n\t\t\t\t<article class=\"elementor-post elementor-grid-item post-2698 post type-post status-publish format-standard has-post-thumbnail hentry category-blog-ms-blog-ms category-infografia category-blog-ms tag-blog tag-infografia tag-ms\" role=\"listitem\">\n\t\t\t\t<a class=\"elementor-post__thumbnail__link\" href=\"https:\/\/epica-agency.com\/es\/video\/ms\/5-tipos-de-video-para-comunicar-productos-y-plataformas-digitales\/\" tabindex=\"-1\" target=&quot;_blank&quot;>\n\t\t\t<div class=\"elementor-post__thumbnail\"><img fetchpriority=\"high\" decoding=\"async\" width=\"300\" height=\"169\" src=\"https:\/\/i0.wp.com\/epica-agency.com\/es\/video\/ms\/wp-content\/uploads\/2021\/03\/Infografia-Video-para-plataformas-digitales-Mockup_01.0_Mesa-de-trabajo-1-copia.png?fit=300%2C169&amp;ssl=1\" class=\"attachment-medium size-medium wp-image-2702\" alt=\"\" srcset=\"https:\/\/i0.wp.com\/epica-agency.com\/es\/video\/ms\/wp-content\/uploads\/2021\/03\/Infografia-Video-para-plataformas-digitales-Mockup_01.0_Mesa-de-trabajo-1-copia.png?w=3998&amp;ssl=1 3998w, https:\/\/i0.wp.com\/epica-agency.com\/es\/video\/ms\/wp-content\/uploads\/2021\/03\/Infografia-Video-para-plataformas-digitales-Mockup_01.0_Mesa-de-trabajo-1-copia.png?resize=300%2C169&amp;ssl=1 300w, https:\/\/i0.wp.com\/epica-agency.com\/es\/video\/ms\/wp-content\/uploads\/2021\/03\/Infografia-Video-para-plataformas-digitales-Mockup_01.0_Mesa-de-trabajo-1-copia.png?resize=1820%2C1024&amp;ssl=1 1820w, https:\/\/i0.wp.com\/epica-agency.com\/es\/video\/ms\/wp-content\/uploads\/2021\/03\/Infografia-Video-para-plataformas-digitales-Mockup_01.0_Mesa-de-trabajo-1-copia.png?resize=768%2C432&amp;ssl=1 768w, https:\/\/i0.wp.com\/epica-agency.com\/es\/video\/ms\/wp-content\/uploads\/2021\/03\/Infografia-Video-para-plataformas-digitales-Mockup_01.0_Mesa-de-trabajo-1-copia.png?resize=1536%2C864&amp;ssl=1 1536w, https:\/\/i0.wp.com\/epica-agency.com\/es\/video\/ms\/wp-content\/uploads\/2021\/03\/Infografia-Video-para-plataformas-digitales-Mockup_01.0_Mesa-de-trabajo-1-copia.png?resize=2048%2C1152&amp;ssl=1 2048w, https:\/\/i0.wp.com\/epica-agency.com\/es\/video\/ms\/wp-content\/uploads\/2021\/03\/Infografia-Video-para-plataformas-digitales-Mockup_01.0_Mesa-de-trabajo-1-copia.png?resize=1200%2C675&amp;ssl=1 1200w, https:\/\/i0.wp.com\/epica-agency.com\/es\/video\/ms\/wp-content\/uploads\/2021\/03\/Infografia-Video-para-plataformas-digitales-Mockup_01.0_Mesa-de-trabajo-1-copia.png?resize=1980%2C1114&amp;ssl=1 1980w, https:\/\/i0.wp.com\/epica-agency.com\/es\/video\/ms\/wp-content\/uploads\/2021\/03\/Infografia-Video-para-plataformas-digitales-Mockup_01.0_Mesa-de-trabajo-1-copia.png?w=1740&amp;ssl=1 1740w\" sizes=\"(max-width: 300px) 100vw, 300px\" \/><\/div>\n\t\t<\/a>\n\t\t\t\t<div class=\"elementor-post__text\">\n\t\t\t\t<h2 class=\"elementor-post__title\">\n\t\t\t<a href=\"https:\/\/epica-agency.com\/es\/video\/ms\/5-tipos-de-video-para-comunicar-productos-y-plataformas-digitales\/\" target=&quot;_blank&quot;>\n\t\t\t\t5 tipos de video para comunicar productos y plataformas digitales\t\t\t<\/a>\n\t\t<\/h2>\n\t\t\t\t<div class=\"elementor-post__excerpt\">\n\t\t\t<p>11-03-2021 | \u00a1La mejor opci\u00f3n para promocionar tus productos digitales es el video! Pero, \u00bfqu\u00e9 tipo de videos? Aqu\u00ed te contamos todo lo que tienes que saber para comunicar exitosamente tus plataformas o aplicaciones tanto interna como externamente.<\/p>\n\t\t<\/div>\n\t\t\n\t\t<a class=\"elementor-post__read-more\" href=\"https:\/\/epica-agency.com\/es\/video\/ms\/5-tipos-de-video-para-comunicar-productos-y-plataformas-digitales\/\" aria-label=\"Read more about 5 tipos de video para comunicar productos y plataformas digitales\" tabindex=\"-1\" target=\"_blank\">\n\t\t\tLEER NOTA\t\t<\/a>\n\n\t\t\t\t<\/div>\n\t\t\t\t<\/article>\n\t\t\t\t<article class=\"elementor-post elementor-grid-item post-2373 post type-post status-publish format-standard has-post-thumbnail hentry category-blog-ms-blog-ms category-infografia category-blog-ms tag-blog tag-infografia tag-ms\" role=\"listitem\">\n\t\t\t\t<a class=\"elementor-post__thumbnail__link\" href=\"https:\/\/epica-agency.com\/es\/video\/ms\/7-datos-clave-para-entender-por-que-los-explainer-videos-son-tan-poderosos\/\" tabindex=\"-1\" target=&quot;_blank&quot;>\n\t\t\t<div class=\"elementor-post__thumbnail\"><img decoding=\"async\" width=\"300\" height=\"164\" src=\"https:\/\/i0.wp.com\/epica-agency.com\/es\/video\/ms\/wp-content\/uploads\/2021\/01\/NOT-2010-Infografia-Explainer-Videos-Diseno_01.2-02.png?fit=300%2C164&amp;ssl=1\" class=\"attachment-medium size-medium wp-image-2547\" alt=\"\" srcset=\"https:\/\/i0.wp.com\/epica-agency.com\/es\/video\/ms\/wp-content\/uploads\/2021\/01\/NOT-2010-Infografia-Explainer-Videos-Diseno_01.2-02.png?w=1920&amp;ssl=1 1920w, https:\/\/i0.wp.com\/epica-agency.com\/es\/video\/ms\/wp-content\/uploads\/2021\/01\/NOT-2010-Infografia-Explainer-Videos-Diseno_01.2-02.png?resize=300%2C164&amp;ssl=1 300w, https:\/\/i0.wp.com\/epica-agency.com\/es\/video\/ms\/wp-content\/uploads\/2021\/01\/NOT-2010-Infografia-Explainer-Videos-Diseno_01.2-02.png?resize=1874%2C1024&amp;ssl=1 1874w, https:\/\/i0.wp.com\/epica-agency.com\/es\/video\/ms\/wp-content\/uploads\/2021\/01\/NOT-2010-Infografia-Explainer-Videos-Diseno_01.2-02.png?resize=768%2C420&amp;ssl=1 768w, https:\/\/i0.wp.com\/epica-agency.com\/es\/video\/ms\/wp-content\/uploads\/2021\/01\/NOT-2010-Infografia-Explainer-Videos-Diseno_01.2-02.png?resize=1536%2C839&amp;ssl=1 1536w, https:\/\/i0.wp.com\/epica-agency.com\/es\/video\/ms\/wp-content\/uploads\/2021\/01\/NOT-2010-Infografia-Explainer-Videos-Diseno_01.2-02.png?resize=1200%2C656&amp;ssl=1 1200w, https:\/\/i0.wp.com\/epica-agency.com\/es\/video\/ms\/wp-content\/uploads\/2021\/01\/NOT-2010-Infografia-Explainer-Videos-Diseno_01.2-02.png?w=1740&amp;ssl=1 1740w\" sizes=\"(max-width: 300px) 100vw, 300px\" \/><\/div>\n\t\t<\/a>\n\t\t\t\t<div class=\"elementor-post__text\">\n\t\t\t\t<h2 class=\"elementor-post__title\">\n\t\t\t<a href=\"https:\/\/epica-agency.com\/es\/video\/ms\/7-datos-clave-para-entender-por-que-los-explainer-videos-son-tan-poderosos\/\" target=&quot;_blank&quot;>\n\t\t\t\t7 datos clave para entender por qu\u00e9 los Explainer Videos son tan poderosos\t\t\t<\/a>\n\t\t<\/h2>\n\t\t\t\t<div class=\"elementor-post__excerpt\">\n\t\t\t<p>21-01-2021 | Te compartimos 7 datos super interesantes para entender por qu\u00e9  los Explainer Videos son una tendencia explosiva y c\u00f3mo cualquier marca puede beneficiarse de este tipo de contenido superpoderoso.<\/p>\n\t\t<\/div>\n\t\t\n\t\t<a class=\"elementor-post__read-more\" href=\"https:\/\/epica-agency.com\/es\/video\/ms\/7-datos-clave-para-entender-por-que-los-explainer-videos-son-tan-poderosos\/\" aria-label=\"Read more about 7 datos clave para entender por qu\u00e9 los Explainer Videos son tan poderosos\" tabindex=\"-1\" target=\"_blank\">\n\t\t\tLEER NOTA\t\t<\/a>\n\n\t\t\t\t<\/div>\n\t\t\t\t<\/article>\n\t\t\t\t<article class=\"elementor-post elementor-grid-item post-1086 post type-post status-publish format-standard has-post-thumbnail hentry category-blog-ms-blog-ms category-infografia category-blog-ms tag-blog tag-ms\" role=\"listitem\">\n\t\t\t\t<a class=\"elementor-post__thumbnail__link\" href=\"https:\/\/epica-agency.com\/es\/video\/ms\/10-estadisticas-para-entender-por-que-tiktok-es-la-red-social-del-momento\/\" tabindex=\"-1\" target=&quot;_blank&quot;>\n\t\t\t<div class=\"elementor-post__thumbnail\"><img decoding=\"async\" width=\"300\" height=\"146\" src=\"https:\/\/i0.wp.com\/epica-agency.com\/es\/video\/ms\/wp-content\/uploads\/2020\/10\/NOT-2010-Infografia-MS-TikTok-Diseno_04.0-02.png?fit=300%2C146&amp;ssl=1\" class=\"attachment-medium size-medium wp-image-2546\" alt=\"\" srcset=\"https:\/\/i0.wp.com\/epica-agency.com\/es\/video\/ms\/wp-content\/uploads\/2020\/10\/NOT-2010-Infografia-MS-TikTok-Diseno_04.0-02.png?w=1915&amp;ssl=1 1915w, https:\/\/i0.wp.com\/epica-agency.com\/es\/video\/ms\/wp-content\/uploads\/2020\/10\/NOT-2010-Infografia-MS-TikTok-Diseno_04.0-02.png?resize=300%2C146&amp;ssl=1 300w, https:\/\/i0.wp.com\/epica-agency.com\/es\/video\/ms\/wp-content\/uploads\/2020\/10\/NOT-2010-Infografia-MS-TikTok-Diseno_04.0-02.png?resize=768%2C373&amp;ssl=1 768w, https:\/\/i0.wp.com\/epica-agency.com\/es\/video\/ms\/wp-content\/uploads\/2020\/10\/NOT-2010-Infografia-MS-TikTok-Diseno_04.0-02.png?resize=1536%2C746&amp;ssl=1 1536w, https:\/\/i0.wp.com\/epica-agency.com\/es\/video\/ms\/wp-content\/uploads\/2020\/10\/NOT-2010-Infografia-MS-TikTok-Diseno_04.0-02.png?resize=1200%2C583&amp;ssl=1 1200w, https:\/\/i0.wp.com\/epica-agency.com\/es\/video\/ms\/wp-content\/uploads\/2020\/10\/NOT-2010-Infografia-MS-TikTok-Diseno_04.0-02.png?w=1740&amp;ssl=1 1740w\" sizes=\"(max-width: 300px) 100vw, 300px\" \/><\/div>\n\t\t<\/a>\n\t\t\t\t<div class=\"elementor-post__text\">\n\t\t\t\t<h2 class=\"elementor-post__title\">\n\t\t\t<a href=\"https:\/\/epica-agency.com\/es\/video\/ms\/10-estadisticas-para-entender-por-que-tiktok-es-la-red-social-del-momento\/\" target=&quot;_blank&quot;>\n\t\t\t\t10 estad\u00edsticas para entender por qu\u00e9 TikTok es la red social del momento\t\t\t<\/a>\n\t\t<\/h2>\n\t\t\t\t<div class=\"elementor-post__excerpt\">\n\t\t\t<p>23-10-2020 | \u00a1TikTok es la red social del momento! Te contamos lo que tienes que saber sobre TikTok para tomar la decisi\u00f3nd e incluir esta plataforma en tu estrategia de marketing.<\/p>\n\t\t<\/div>\n\t\t\n\t\t<a class=\"elementor-post__read-more\" href=\"https:\/\/epica-agency.com\/es\/video\/ms\/10-estadisticas-para-entender-por-que-tiktok-es-la-red-social-del-momento\/\" aria-label=\"Read more about 10 estad\u00edsticas para entender por qu\u00e9 TikTok es la red social del momento\" tabindex=\"-1\" target=\"_blank\">\n\t\t\tLEER NOTA\t\t<\/a>\n\n\t\t\t\t<\/div>\n\t\t\t\t<\/article>\n\t\t\t\t<article class=\"elementor-post elementor-grid-item post-841 post type-post status-publish format-standard has-post-thumbnail hentry category-blog-ms-blog-ms category-infografia category-blog-ms tag-blog tag-ms\" role=\"listitem\">\n\t\t\t\t<a class=\"elementor-post__thumbnail__link\" href=\"https:\/\/epica-agency.com\/es\/video\/ms\/5-estadisticas-para-entender-la-importancia-de-incluir-video-ads-dentro-de-tu-estrategia-de-marketing\/\" tabindex=\"-1\" target=&quot;_blank&quot;>\n\t\t\t<div class=\"elementor-post__thumbnail\"><img loading=\"lazy\" decoding=\"async\" width=\"300\" height=\"170\" src=\"https:\/\/i0.wp.com\/epica-agency.com\/es\/video\/ms\/wp-content\/uploads\/2020\/10\/NOT-2008-Infografia-Video-Ads-Diseno_02.0-06.png?fit=300%2C170&amp;ssl=1\" class=\"attachment-medium size-medium wp-image-2544\" alt=\"\" srcset=\"https:\/\/i0.wp.com\/epica-agency.com\/es\/video\/ms\/wp-content\/uploads\/2020\/10\/NOT-2008-Infografia-Video-Ads-Diseno_02.0-06.png?w=1074&amp;ssl=1 1074w, https:\/\/i0.wp.com\/epica-agency.com\/es\/video\/ms\/wp-content\/uploads\/2020\/10\/NOT-2008-Infografia-Video-Ads-Diseno_02.0-06.png?resize=300%2C170&amp;ssl=1 300w, https:\/\/i0.wp.com\/epica-agency.com\/es\/video\/ms\/wp-content\/uploads\/2020\/10\/NOT-2008-Infografia-Video-Ads-Diseno_02.0-06.png?resize=768%2C436&amp;ssl=1 768w\" sizes=\"(max-width: 300px) 100vw, 300px\" \/><\/div>\n\t\t<\/a>\n\t\t\t\t<div class=\"elementor-post__text\">\n\t\t\t\t<h2 class=\"elementor-post__title\">\n\t\t\t<a href=\"https:\/\/epica-agency.com\/es\/video\/ms\/5-estadisticas-para-entender-la-importancia-de-incluir-video-ads-dentro-de-tu-estrategia-de-marketing\/\" target=&quot;_blank&quot;>\n\t\t\t\t5 estad\u00edsticas para entender la importancia de incluir Video Ads dentro de tu estrategia de marketing\t\t\t<\/a>\n\t\t<\/h2>\n\t\t\t\t<div class=\"elementor-post__excerpt\">\n\t\t\t<p>20-08-2020 | Creamos esta infograf\u00eda con todas las estad\u00edsticas que debes conocer para ayudarte a tomar la decisi\u00f3n de incluir video ads en tu estrategia de marketing. Adem\u00e1s, \u00a1te ofrecemos 3 \u00c9pica Tips para crear video ads super efectivos!<\/p>\n\t\t<\/div>\n\t\t\n\t\t<a class=\"elementor-post__read-more\" href=\"https:\/\/epica-agency.com\/es\/video\/ms\/5-estadisticas-para-entender-la-importancia-de-incluir-video-ads-dentro-de-tu-estrategia-de-marketing\/\" aria-label=\"Read more about 5 estad\u00edsticas para entender la importancia de incluir Video Ads dentro de tu estrategia de marketing\" tabindex=\"-1\" target=\"_blank\">\n\t\t\tLEER NOTA\t\t<\/a>\n\n\t\t\t\t<\/div>\n\t\t\t\t<\/article>\n\t\t\t\t<\/div>\n\t\t\n\t\t\t\t\t\t<\/div>\n\t\t\t\t<\/div>\n\t\t\t\t\t<\/div>\n\t\t<\/div>\n\t\t\t\t\t<\/div>\n\t\t<\/section>\n\t\t\t\t<\/div>\n\t\t","protected":false},"excerpt":{"rendered":"<p>Nuestras&nbsp;infograf\u00edas \ud83d\ude42 \u00a1Inf\u00f3rmate sobre las \u00faltimas estad\u00edsticas en el mundo del video para ventas, marketing y growth!<\/p>\n","protected":false},"author":2,"featured_media":0,"parent":0,"menu_order":0,"comment_status":"closed","ping_status":"closed","template":"elementor_header_footer","meta":{"nf_dc_page":"","footnotes":""},"class_list":["post-1208","page","type-page","status-publish","hentry"],"yoast_head":"<!-- This site is optimized with the Yoast SEO plugin v27.4 - https:\/\/yoast.com\/product\/yoast-seo-wordpress\/ -->\n<title>Infograf\u00edas - \u00c9pica - Agencia de video<\/title>\n<meta name=\"description\" content=\"Creamos soluciones de comunicaci\u00f3n basadas en video. Nos encargamos de todo, \u00a1desde la idea hasta el producto final!\" \/>\n<meta name=\"robots\" content=\"index, follow, max-snippet:-1, max-image-preview:large, max-video-preview:-1\" \/>\n<link rel=\"canonical\" href=\"https:\/\/epica-agency.com\/es\/video\/ms\/recursos-infografias\/\" \/>\n<meta property=\"og:locale\" content=\"en_US\" \/>\n<meta property=\"og:type\" content=\"article\" \/>\n<meta property=\"og:title\" content=\"Infograf\u00edas - \u00c9pica - Agencia de video\" \/>\n<meta property=\"og:description\" content=\"Creamos soluciones de comunicaci\u00f3n basadas en video. Nos encargamos de todo, \u00a1desde la idea hasta el producto final!\" \/>\n<meta property=\"og:url\" content=\"https:\/\/epica-agency.com\/es\/video\/ms\/recursos-infografias\/\" \/>\n<meta property=\"og:site_name\" content=\"\u00c9pica - Agencia de video\" \/>\n<meta property=\"article:modified_time\" content=\"2021-01-21T14:10:04+00:00\" \/>\n<meta name=\"twitter:card\" content=\"summary_large_image\" \/>\n<meta name=\"twitter:label1\" content=\"Est. reading time\" \/>\n\t<meta name=\"twitter:data1\" content=\"2 minutes\" \/>\n<script type=\"application\/ld+json\" class=\"yoast-schema-graph\">{\"@context\":\"https:\\\/\\\/schema.org\",\"@graph\":[{\"@type\":\"WebPage\",\"@id\":\"https:\\\/\\\/epica-agency.com\\\/es\\\/video\\\/ms\\\/recursos-infografias\\\/\",\"url\":\"https:\\\/\\\/epica-agency.com\\\/es\\\/video\\\/ms\\\/recursos-infografias\\\/\",\"name\":\"Infograf\u00edas - \u00c9pica - Agencia de video\",\"isPartOf\":{\"@id\":\"https:\\\/\\\/epica-agency.com\\\/es\\\/video\\\/ms\\\/#website\"},\"datePublished\":\"2020-10-30T18:07:54+00:00\",\"dateModified\":\"2021-01-21T14:10:04+00:00\",\"description\":\"Creamos soluciones de comunicaci\u00f3n basadas en video. Nos encargamos de todo, \u00a1desde la idea hasta el producto final!\",\"breadcrumb\":{\"@id\":\"https:\\\/\\\/epica-agency.com\\\/es\\\/video\\\/ms\\\/recursos-infografias\\\/#breadcrumb\"},\"inLanguage\":\"en-US\",\"potentialAction\":[{\"@type\":\"ReadAction\",\"target\":[\"https:\\\/\\\/epica-agency.com\\\/es\\\/video\\\/ms\\\/recursos-infografias\\\/\"]}]},{\"@type\":\"BreadcrumbList\",\"@id\":\"https:\\\/\\\/epica-agency.com\\\/es\\\/video\\\/ms\\\/recursos-infografias\\\/#breadcrumb\",\"itemListElement\":[{\"@type\":\"ListItem\",\"position\":1,\"name\":\"Home\",\"item\":\"https:\\\/\\\/epica-agency.com\\\/es\\\/video\\\/ms\\\/\"},{\"@type\":\"ListItem\",\"position\":2,\"name\":\"Infograf\u00edas\"}]},{\"@type\":\"WebSite\",\"@id\":\"https:\\\/\\\/epica-agency.com\\\/es\\\/video\\\/ms\\\/#website\",\"url\":\"https:\\\/\\\/epica-agency.com\\\/es\\\/video\\\/ms\\\/\",\"name\":\"\u00c9pica - Agencia de video\",\"description\":\"\",\"publisher\":{\"@id\":\"https:\\\/\\\/epica-agency.com\\\/es\\\/video\\\/ms\\\/#organization\"},\"potentialAction\":[{\"@type\":\"SearchAction\",\"target\":{\"@type\":\"EntryPoint\",\"urlTemplate\":\"https:\\\/\\\/epica-agency.com\\\/es\\\/video\\\/ms\\\/?s={search_term_string}\"},\"query-input\":{\"@type\":\"PropertyValueSpecification\",\"valueRequired\":true,\"valueName\":\"search_term_string\"}}],\"inLanguage\":\"en-US\"},{\"@type\":\"Organization\",\"@id\":\"https:\\\/\\\/epica-agency.com\\\/es\\\/video\\\/ms\\\/#organization\",\"name\":\"\u00c9pica - Agencia de video\",\"url\":\"https:\\\/\\\/epica-agency.com\\\/es\\\/video\\\/ms\\\/\",\"logo\":{\"@type\":\"ImageObject\",\"inLanguage\":\"en-US\",\"@id\":\"https:\\\/\\\/epica-agency.com\\\/es\\\/video\\\/ms\\\/#\\\/schema\\\/logo\\\/image\\\/\",\"url\":\"https:\\\/\\\/i0.wp.com\\\/epica-agency.com\\\/es\\\/video\\\/ms\\\/wp-content\\\/uploads\\\/2020\\\/09\\\/01-Logotipo_color_web-150x150-1.png?fit=150%2C150&ssl=1\",\"contentUrl\":\"https:\\\/\\\/i0.wp.com\\\/epica-agency.com\\\/es\\\/video\\\/ms\\\/wp-content\\\/uploads\\\/2020\\\/09\\\/01-Logotipo_color_web-150x150-1.png?fit=150%2C150&ssl=1\",\"width\":150,\"height\":150,\"caption\":\"\u00c9pica - Agencia de video\"},\"image\":{\"@id\":\"https:\\\/\\\/epica-agency.com\\\/es\\\/video\\\/ms\\\/#\\\/schema\\\/logo\\\/image\\\/\"}}]}<\/script>\n<!-- \/ Yoast SEO plugin. -->","yoast_head_json":{"title":"Infograf\u00edas - \u00c9pica - Agencia de video","description":"Creamos soluciones de comunicaci\u00f3n basadas en video. Nos encargamos de todo, \u00a1desde la idea hasta el producto final!","robots":{"index":"index","follow":"follow","max-snippet":"max-snippet:-1","max-image-preview":"max-image-preview:large","max-video-preview":"max-video-preview:-1"},"canonical":"https:\/\/epica-agency.com\/es\/video\/ms\/recursos-infografias\/","og_locale":"en_US","og_type":"article","og_title":"Infograf\u00edas - \u00c9pica - Agencia de video","og_description":"Creamos soluciones de comunicaci\u00f3n basadas en video. Nos encargamos de todo, \u00a1desde la idea hasta el producto final!","og_url":"https:\/\/epica-agency.com\/es\/video\/ms\/recursos-infografias\/","og_site_name":"\u00c9pica - Agencia de video","article_modified_time":"2021-01-21T14:10:04+00:00","twitter_card":"summary_large_image","twitter_misc":{"Est. reading time":"2 minutes"},"schema":{"@context":"https:\/\/schema.org","@graph":[{"@type":"WebPage","@id":"https:\/\/epica-agency.com\/es\/video\/ms\/recursos-infografias\/","url":"https:\/\/epica-agency.com\/es\/video\/ms\/recursos-infografias\/","name":"Infograf\u00edas - \u00c9pica - Agencia de video","isPartOf":{"@id":"https:\/\/epica-agency.com\/es\/video\/ms\/#website"},"datePublished":"2020-10-30T18:07:54+00:00","dateModified":"2021-01-21T14:10:04+00:00","description":"Creamos soluciones de comunicaci\u00f3n basadas en video. Nos encargamos de todo, \u00a1desde la idea hasta el producto final!","breadcrumb":{"@id":"https:\/\/epica-agency.com\/es\/video\/ms\/recursos-infografias\/#breadcrumb"},"inLanguage":"en-US","potentialAction":[{"@type":"ReadAction","target":["https:\/\/epica-agency.com\/es\/video\/ms\/recursos-infografias\/"]}]},{"@type":"BreadcrumbList","@id":"https:\/\/epica-agency.com\/es\/video\/ms\/recursos-infografias\/#breadcrumb","itemListElement":[{"@type":"ListItem","position":1,"name":"Home","item":"https:\/\/epica-agency.com\/es\/video\/ms\/"},{"@type":"ListItem","position":2,"name":"Infograf\u00edas"}]},{"@type":"WebSite","@id":"https:\/\/epica-agency.com\/es\/video\/ms\/#website","url":"https:\/\/epica-agency.com\/es\/video\/ms\/","name":"\u00c9pica - Agencia de video","description":"","publisher":{"@id":"https:\/\/epica-agency.com\/es\/video\/ms\/#organization"},"potentialAction":[{"@type":"SearchAction","target":{"@type":"EntryPoint","urlTemplate":"https:\/\/epica-agency.com\/es\/video\/ms\/?s={search_term_string}"},"query-input":{"@type":"PropertyValueSpecification","valueRequired":true,"valueName":"search_term_string"}}],"inLanguage":"en-US"},{"@type":"Organization","@id":"https:\/\/epica-agency.com\/es\/video\/ms\/#organization","name":"\u00c9pica - Agencia de video","url":"https:\/\/epica-agency.com\/es\/video\/ms\/","logo":{"@type":"ImageObject","inLanguage":"en-US","@id":"https:\/\/epica-agency.com\/es\/video\/ms\/#\/schema\/logo\/image\/","url":"https:\/\/i0.wp.com\/epica-agency.com\/es\/video\/ms\/wp-content\/uploads\/2020\/09\/01-Logotipo_color_web-150x150-1.png?fit=150%2C150&ssl=1","contentUrl":"https:\/\/i0.wp.com\/epica-agency.com\/es\/video\/ms\/wp-content\/uploads\/2020\/09\/01-Logotipo_color_web-150x150-1.png?fit=150%2C150&ssl=1","width":150,"height":150,"caption":"\u00c9pica - Agencia de video"},"image":{"@id":"https:\/\/epica-agency.com\/es\/video\/ms\/#\/schema\/logo\/image\/"}}]}},"jetpack_sharing_enabled":true,"_links":{"self":[{"href":"https:\/\/epica-agency.com\/es\/video\/ms\/wp-json\/wp\/v2\/pages\/1208","targetHints":{"allow":["GET"]}}],"collection":[{"href":"https:\/\/epica-agency.com\/es\/video\/ms\/wp-json\/wp\/v2\/pages"}],"about":[{"href":"https:\/\/epica-agency.com\/es\/video\/ms\/wp-json\/wp\/v2\/types\/page"}],"author":[{"embeddable":true,"href":"https:\/\/epica-agency.com\/es\/video\/ms\/wp-json\/wp\/v2\/users\/2"}],"replies":[{"embeddable":true,"href":"https:\/\/epica-agency.com\/es\/video\/ms\/wp-json\/wp\/v2\/comments?post=1208"}],"version-history":[{"count":5,"href":"https:\/\/epica-agency.com\/es\/video\/ms\/wp-json\/wp\/v2\/pages\/1208\/revisions"}],"predecessor-version":[{"id":2397,"href":"https:\/\/epica-agency.com\/es\/video\/ms\/wp-json\/wp\/v2\/pages\/1208\/revisions\/2397"}],"wp:attachment":[{"href":"https:\/\/epica-agency.com\/es\/video\/ms\/wp-json\/wp\/v2\/media?parent=1208"}],"curies":[{"name":"wp","href":"https:\/\/api.w.org\/{rel}","templated":true}]}}